{"id":993,"date":"2025-07-11T15:03:57","date_gmt":"2025-07-11T15:03:57","guid":{"rendered":"https:\/\/alessandrabrenapsicologa.com\/?page_id=993"},"modified":"2025-07-18T10:07:17","modified_gmt":"2025-07-18T10:07:17","slug":"counselling-per-italiani-expat","status":"publish","type":"page","link":"https:\/\/alessandrabrenapsicologa.com\/en\/counselling-per-italiani-expat\/","title":{"rendered":"Counselling per Italiani expat"},"content":{"rendered":"<div data-elementor-type=\"wp-page\" data-elementor-id=\"993\" class=\"elementor elementor-993\">\n\t\t\t\t<div class=\"elementor-element elementor-element-739d00f e-flex e-con-boxed e-con e-parent\" data-id=\"739d00f\" data-element_type=\"container\" data-e-type=\"container\">\n\t\t\t\t\t<div class=\"e-con-inner\">\n\t\t\t\t<div class=\"elementor-element elementor-element-1185f75 elementor-widget elementor-widget-heading\" data-id=\"1185f75\" data-element_type=\"widget\" data-e-type=\"widget\" data-widget_type=\"heading.default\">\n\t\t\t\t<div class=\"elementor-widget-container\">\n\t\t\t\t\t<h2 class=\"elementor-heading-title elementor-size-default\">Counselling per Italiani all'estero<br><\/h2>\t\t\t\t<\/div>\n\t\t\t\t<\/div>\n\t\t\t\t<div class=\"elementor-element elementor-element-3affb7e elementor-widget elementor-widget-image\" data-id=\"3affb7e\" data-element_type=\"widget\" data-e-type=\"widget\" data-widget_type=\"image.default\">\n\t\t\t\t<div class=\"elementor-widget-container\">\n\t\t\t\t\t\t\t\t\t\t\t\t\t\t\t<img fetchpriority=\"high\" decoding=\"async\" width=\"1024\" height=\"647\" src=\"https:\/\/alessandrabrenapsicologa.com\/wp-content\/uploads\/2025\/07\/italiani-a-londra_alessandra-brena-1024x647.jpg\" class=\"attachment-large size-large wp-image-1020\" alt=\"\" srcset=\"https:\/\/alessandrabrenapsicologa.com\/wp-content\/uploads\/2025\/07\/italiani-a-londra_alessandra-brena-1024x647.jpg 1024w, https:\/\/alessandrabrenapsicologa.com\/wp-content\/uploads\/2025\/07\/italiani-a-londra_alessandra-brena-300x189.jpg 300w, https:\/\/alessandrabrenapsicologa.com\/wp-content\/uploads\/2025\/07\/italiani-a-londra_alessandra-brena-768x485.jpg 768w, https:\/\/alessandrabrenapsicologa.com\/wp-content\/uploads\/2025\/07\/italiani-a-londra_alessandra-brena-1536x970.jpg 1536w, https:\/\/alessandrabrenapsicologa.com\/wp-content\/uploads\/2025\/07\/italiani-a-londra_alessandra-brena-2048x1293.jpg 2048w\" sizes=\"(max-width: 1024px) 100vw, 1024px\" \/>\t\t\t\t\t\t\t\t\t\t\t\t\t\t\t<\/div>\n\t\t\t\t<\/div>\n\t\t\t\t<div class=\"elementor-element elementor-element-cf7c2c0 elementor-widget elementor-widget-text-editor\" data-id=\"cf7c2c0\" data-element_type=\"widget\" data-e-type=\"widget\" data-widget_type=\"text-editor.default\">\n\t\t\t\t<div class=\"elementor-widget-container\">\n\t\t\t\t\t\t\t\t\t<p>Trasferirsi all\u2019estero pu\u00f2 aprire le porte a nuove entusiasmanti opportunit\u00e0, ma pu\u00f2 portare con s\u00e9 anche sfide complesse: adattarsi a un <b>nuovo contesto<\/b>, affrontare la <b>solitudine<\/b>, sperimentare <b>stress, disorientamento o sopraffazione<\/b>.<\/p><p>\u201cMi mancano i profumi di <i>casa<\/i> mia.\u201d<br \/>\u201cCosa vuol dire costruirsi una vita qui, lontano da ci\u00f2 che conosco?\u201d<br \/>\u201cE se tornassi? E se restassi?\u201d<\/p><p>Chi vive un&#8217;esperienza migratoria \u2013 per scelta o per necessit\u00e0 \u2013 si confronta con <b>difficolt\u00e0 che si aggiungono a quelle comuni all\u2019esistenza umana<\/b>: la burocrazia, le leggi di un altro Paese, nuove culture, usanze da imparare, punti di riferimento da ricostruire.<\/p><p>Ogni percorso migratorio \u00e8 <b>tailored<\/b> e pu\u00f2 essere attraversato da <b>domande<\/b> che spesso non hanno risposte immediate.<\/p><p>Insieme, possiamo creare uno <b>spazio di riflessione<\/b> per dare voce a queste domande, esplorare significati, risorse e cercare nuove direzioni per coltivare il proprio <b>benessere<\/b> nei momenti di cambiamento e incertezza.<\/p><p><span lang=\"IT\">\u00a0<\/span><\/p>\t\t\t\t\t\t\t\t<\/div>\n\t\t\t\t<\/div>\n\t\t\t\t\t<\/div>\n\t\t\t\t<\/div>\n\t\t<div class=\"elementor-element elementor-element-174fb53 e-flex e-con-boxed e-con e-parent\" data-id=\"174fb53\" data-element_type=\"container\" data-e-type=\"container\">\n\t\t\t\t\t<div class=\"e-con-inner\">\n\t\t\t\t<div class=\"elementor-element elementor-element-c2a01d7 elementor-align-center elementor-widget elementor-widget-button\" data-id=\"c2a01d7\" data-element_type=\"widget\" data-e-type=\"widget\" data-widget_type=\"button.default\">\n\t\t\t\t<div class=\"elementor-widget-container\">\n\t\t\t\t\t\t\t\t\t<div class=\"elementor-button-wrapper\">\n\t\t\t\t\t<a class=\"elementor-button elementor-button-link elementor-size-sm\" href=\"https:\/\/alessandrabrenapsicologa.com\/en\/contatti\/\">\n\t\t\t\t\t\t<span class=\"elementor-button-content-wrapper\">\n\t\t\t\t\t\t\t\t\t<span class=\"elementor-button-text\">Book a session<\/span>\n\t\t\t\t\t<\/span>\n\t\t\t\t\t<\/a>\n\t\t\t\t<\/div>\n\t\t\t\t\t\t\t\t<\/div>\n\t\t\t\t<\/div>\n\t\t\t\t\t<\/div>\n\t\t\t\t<\/div>\n\t\t\t\t<\/div>","protected":false},"excerpt":{"rendered":"<p>Counselling per Italiani all&#8217;estero Trasferirsi all\u2019estero pu\u00f2 aprire le porte a nuove entusiasmanti opportunit\u00e0, ma pu\u00f2 portare con s\u00e9 anche [&hellip;]<\/p>","protected":false},"author":1,"featured_media":0,"parent":0,"menu_order":0,"comment_status":"closed","ping_status":"closed","template":"","meta":{"site-sidebar-layout":"no-sidebar","site-content-layout":"","ast-site-content-layout":"full-width-container","site-content-style":"default","site-sidebar-style":"default","ast-global-header-display":"","ast-banner-title-visibility":"","ast-main-header-display":"","ast-hfb-above-header-display":"","ast-hfb-below-header-display":"","ast-hfb-mobile-header-display":"","site-post-title":"disabled","ast-breadcrumbs-content":"","ast-featured-img":"disabled","footer-sml-layout":"","ast-disable-related-posts":"","theme-transparent-header-meta":"","adv-header-id-meta":"","stick-header-meta":"","header-above-stick-meta":"","header-main-stick-meta":"","header-below-stick-meta":"","astra-migrate-meta-layouts":"default","ast-page-background-enabled":"default","ast-page-background-meta":{"desktop":{"background-color":"var(--ast-global-color-5)","background-image":"","background-repeat":"repeat","background-position":"center center","background-size":"auto","background-attachment":"scroll","background-type":"","background-media":"","overlay-type":"","overlay-color":"","overlay-opacity":"","overlay-gradient":""},"tablet":{"background-color":"","background-image":"","background-repeat":"repeat","background-position":"center center","background-size":"auto","background-attachment":"scroll","background-type":"","background-media":"","overlay-type":"","overlay-color":"","overlay-opacity":"","overlay-gradient":""},"mobile":{"background-color":"","background-image":"","background-repeat":"repeat","background-position":"center center","background-size":"auto","background-attachment":"scroll","background-type":"","background-media":"","overlay-type":"","overlay-color":"","overlay-opacity":"","overlay-gradient":""}},"ast-content-background-meta":{"desktop":{"background-color":"var(--ast-global-color-4)","background-image":"","background-repeat":"repeat","background-position":"center center","background-size":"auto","background-attachment":"scroll","background-type":"","background-media":"","overlay-type":"","overlay-color":"","overlay-opacity":"","overlay-gradient":""},"tablet":{"background-color":"var(--ast-global-color-4)","background-image":"","background-repeat":"repeat","background-position":"center center","background-size":"auto","background-attachment":"scroll","background-type":"","background-media":"","overlay-type":"","overlay-color":"","overlay-opacity":"","overlay-gradient":""},"mobile":{"background-color":"var(--ast-global-color-4)","background-image":"","background-repeat":"repeat","background-position":"center center","background-size":"auto","background-attachment":"scroll","background-type":"","background-media":"","overlay-type":"","overlay-color":"","overlay-opacity":"","overlay-gradient":""}},"footnotes":""},"class_list":["post-993","page","type-page","status-publish","hentry"],"_links":{"self":[{"href":"https:\/\/alessandrabrenapsicologa.com\/en\/wp-json\/wp\/v2\/pages\/993","targetHints":{"allow":["GET"]}}],"collection":[{"href":"https:\/\/alessandrabrenapsicologa.com\/en\/wp-json\/wp\/v2\/pages"}],"about":[{"href":"https:\/\/alessandrabrenapsicologa.com\/en\/wp-json\/wp\/v2\/types\/page"}],"author":[{"embeddable":true,"href":"https:\/\/alessandrabrenapsicologa.com\/en\/wp-json\/wp\/v2\/users\/1"}],"replies":[{"embeddable":true,"href":"https:\/\/alessandrabrenapsicologa.com\/en\/wp-json\/wp\/v2\/comments?post=993"}],"version-history":[{"count":22,"href":"https:\/\/alessandrabrenapsicologa.com\/en\/wp-json\/wp\/v2\/pages\/993\/revisions"}],"predecessor-version":[{"id":1023,"href":"https:\/\/alessandrabrenapsicologa.com\/en\/wp-json\/wp\/v2\/pages\/993\/revisions\/1023"}],"wp:attachment":[{"href":"https:\/\/alessandrabrenapsicologa.com\/en\/wp-json\/wp\/v2\/media?parent=993"}],"curies":[{"name":"wp","href":"https:\/\/api.w.org\/{rel}","templated":true}]}}